{"id":1598,"date":"2024-05-15T04:28:01","date_gmt":"2024-05-15T02:28:01","guid":{"rendered":"https:\/\/new.zafraanensemble.com\/imprint\/"},"modified":"2024-06-01T16:18:59","modified_gmt":"2024-06-01T14:18:59","slug":"imprint","status":"publish","type":"page","link":"https:\/\/new.zafraanensemble.com\/en\/imprint\/","title":{"rendered":"imprint"},"content":{"rendered":"\t\t<div data-elementor-type=\"wp-page\" data-elementor-id=\"1598\" class=\"elementor elementor-1598 elementor-1589\" data-elementor-post-type=\"page\">\n\t\t\t\t<div class=\"has_ae_slider elementor-element elementor-element-b570b0b e-flex e-con-boxed ae-bg-gallery-type-default e-con e-parent\" data-id=\"b570b0b\" data-element_type=\"container\">\n\t\t\t\t\t<div class=\"e-con-inner\">\n\t\t\t\t<div class=\"elementor-element elementor-element-cae6f2a elementor-widget elementor-widget-heading\" data-id=\"cae6f2a\" data-element_type=\"widget\" data-widget_type=\"heading.default\">\n\t\t\t\t<div class=\"elementor-widget-container\">\n\t\t\t<style>\/*! elementor - v3.21.0 - 26-05-2024 *\/\n.elementor-heading-title{padding:0;margin:0;line-height:1}.elementor-widget-heading .elementor-heading-title[class*=elementor-size-]>a{color:inherit;font-size:inherit;line-height:inherit}.elementor-widget-heading .elementor-heading-title.elementor-size-small{font-size:15px}.elementor-widget-heading .elementor-heading-title.elementor-size-medium{font-size:19px}.elementor-widget-heading .elementor-heading-title.elementor-size-large{font-size:29px}.elementor-widget-heading .elementor-heading-title.elementor-size-xl{font-size:39px}.elementor-widget-heading .elementor-heading-title.elementor-size-xxl{font-size:59px}<\/style><h1 class=\"elementor-heading-title elementor-size-default\">Imprint<\/h1>\t\t<\/div>\n\t\t\t\t<\/div>\n\t\t\t\t<div class=\"elementor-element elementor-element-4e59187 elementor-widget elementor-widget-text-editor\" data-id=\"4e59187\" data-element_type=\"widget\" data-widget_type=\"text-editor.default\">\n\t\t\t\t<div class=\"elementor-widget-container\">\n\t\t\t<style>\/*! elementor - v3.21.0 - 26-05-2024 *\/\n.elementor-widget-text-editor.elementor-drop-cap-view-stacked .elementor-drop-cap{background-color:#69727d;color:#fff}.elementor-widget-text-editor.elementor-drop-cap-view-framed .elementor-drop-cap{color:#69727d;border:3px solid;background-color:transparent}.elementor-widget-text-editor:not(.elementor-drop-cap-view-default) .elementor-drop-cap{margin-top:8px}.elementor-widget-text-editor:not(.elementor-drop-cap-view-default) .elementor-drop-cap-letter{width:1em;height:1em}.elementor-widget-text-editor .elementor-drop-cap{float:left;text-align:center;line-height:1;font-size:50px}.elementor-widget-text-editor .elementor-drop-cap-letter{display:inline-block}<\/style>\t\t\t\t<h3>INFORMATION PURSUANT TO SECT. 5 GERMAN TELEMEDIA ACT (TMG)<\/h3><p>Zafraan Ensemble e.V.<br \/>Gustav-Adolf-Stra\u00dfe 146a<br \/>13086 Berlin<\/p><p>Register of Associations: VR 31730 B<br \/>Registration court: Amtsgericht Charlottenburg<\/p><p>Represented by:<br \/>Vorsitzender: Clemens Hund-G\u00f6schel<br \/>Stellvertretende Vorsitzende: Miguel P\u00e9rez I\u00f1esta und Daniel Eichholz<\/p><h3>CONTACT<\/h3><p>Phone: +33698388025<br \/>Telefax: n.a.<br \/>E-mail: mail(at)zafraanensemble.com<\/p><h3>VAT ID<\/h3><p>Sales tax identification number according to Sect. 27 a of the Sales Tax Law:<br \/>Nicht verf\u00fcgbar \u2013 Bescheinigung e.V. aber auf Anfrage erh\u00e4ltlich!<\/p><h3>PERSON RESPONSIBLE FOR EDITORIAL<\/h3><p>Vorsitzender: Clemens Hund-G\u00f6schel<br \/>Stellvertretende Vorsitzende: Miguel P\u00e9rez I\u00f1esta und Daniel Eichholz<\/p><h3>EU DISPUTE RESOLUTION<\/h3><p>The European Commission provides a platform for online dispute resolution (ODR):<br \/>https:\/\/ec.europa.eu\/consumers\/odr\/.<br \/>Our e-mail address can be found above in the site notice.<\/p><h3>DISPUTE RESOLUTION PROCEEDINGS IN FRONT OF A CONSUMER ARBITRATION BOARD<\/h3><p>We are not willing or obliged to participate in dispute resolution proceedings in front of a consumer<br \/>arbitration board.<\/p>\t\t\t\t\t\t<\/div>\n\t\t\t\t<\/div>\n\t\t\t\t\t<\/div>\n\t\t\t\t<\/div>\n\t\t\t\t<\/div>\n\t\t","protected":false},"excerpt":{"rendered":"<p>Imprint INFORMATION PURSUANT TO SECT. 5 GERMAN TELEMEDIA ACT (TMG) Zafraan Ensemble e.V.Gustav-Adolf-Stra\u00dfe 146a13086 Berlin Register of Associations: VR 31730 BRegistration court: Amtsgericht Charlottenburg Represented by:Vorsitzender: Clemens Hund-G\u00f6schelStellvertretende Vorsitzende: Miguel P\u00e9rez I\u00f1esta und Daniel Eichholz CONTACT Phone: +33698388025Telefax: n.a.E-mail: mail(at)zafraanensemble.com VAT ID Sales tax identification number according to Sect. 27 a of the Sales Tax [&hellip;]<\/p>\n","protected":false},"author":2,"featured_media":0,"parent":0,"menu_order":0,"comment_status":"closed","ping_status":"closed","template":"elementor_header_footer","meta":{"_acf_changed":false,"footnotes":""},"class_list":["post-1598","page","type-page","status-publish","hentry"],"acf":[],"_links":{"self":[{"href":"https:\/\/new.zafraanensemble.com\/en\/wp-json\/wp\/v2\/pages\/1598","targetHints":{"allow":["GET"]}}],"collection":[{"href":"https:\/\/new.zafraanensemble.com\/en\/wp-json\/wp\/v2\/pages"}],"about":[{"href":"https:\/\/new.zafraanensemble.com\/en\/wp-json\/wp\/v2\/types\/page"}],"author":[{"embeddable":true,"href":"https:\/\/new.zafraanensemble.com\/en\/wp-json\/wp\/v2\/users\/2"}],"replies":[{"embeddable":true,"href":"https:\/\/new.zafraanensemble.com\/en\/wp-json\/wp\/v2\/comments?post=1598"}],"version-history":[{"count":7,"href":"https:\/\/new.zafraanensemble.com\/en\/wp-json\/wp\/v2\/pages\/1598\/revisions"}],"predecessor-version":[{"id":2904,"href":"https:\/\/new.zafraanensemble.com\/en\/wp-json\/wp\/v2\/pages\/1598\/revisions\/2904"}],"wp:attachment":[{"href":"https:\/\/new.zafraanensemble.com\/en\/wp-json\/wp\/v2\/media?parent=1598"}],"curies":[{"name":"wp","href":"https:\/\/api.w.org\/{rel}","templated":true}]}}